{"id":3806,"date":"2025-11-23T12:27:16","date_gmt":"2025-11-23T12:27:16","guid":{"rendered":"https:\/\/regaliawigs.com\/?post_type=product&#038;p=3806"},"modified":"2025-11-23T12:53:46","modified_gmt":"2025-11-23T12:53:46","slug":"wig-grip-black","status":"publish","type":"product","link":"https:\/\/regaliawigs.com\/pt\/shop\/wig-grip-black\/","title":{"rendered":"Banda de Fixa\u00e7\u00e3o - Preto"},"content":{"rendered":"<h3 data-start=\"95\" data-end=\"173\"><strong data-start=\"99\" data-end=\"171\">Fita para a cabe\u00e7a ajust\u00e1vel para segurar a peruca - macia, confort\u00e1vel e segura<\/strong><\/h3>\n<p data-start=\"175\" data-end=\"316\">Mantenha a sua peruca perfeitamente no lugar com a nossa <strong data-start=\"217\" data-end=\"256\">Fita de veludo ajust\u00e1vel para segurar a peruca,<\/strong>\u00a0Concebido para proporcionar conforto, durabilidade e seguran\u00e7a durante todo o dia.<\/p>\n<p data-start=\"318\" data-end=\"573\">Fabricado em <strong data-start=\"328\" data-end=\"351\">veludo macio de qualidade superior<\/strong>, A fita para peruca, respir\u00e1vel e amiga da pele, evita que a peruca escorregue, deslize e fique careca, mantendo-a est\u00e1vel e confort\u00e1vel. O <strong data-start=\"490\" data-end=\"530\">design ajust\u00e1vel, tamanho \u00fanico<\/strong> garante um ajuste perfeito para cada formato de cabe\u00e7a.<\/p>\n<p data-start=\"575\" data-end=\"853\">\u2705 <strong data-start=\"577\" data-end=\"614\">Material de veludo macio e respir\u00e1vel<\/strong> - suave para a pele, evita a irrita\u00e7\u00e3o<br data-start=\"652\" data-end=\"655\" \/>\u2705 <strong data-start=\"657\" data-end=\"691\">Ajust\u00e1vel e de tamanho \u00fanico - <\/strong>\u00a0conforto e ajuste personalizados<br data-start=\"720\" data-end=\"723\" \/>\u2705 <strong data-start=\"725\" data-end=\"744\">Design antiderrapante<\/strong> - mant\u00e9m as cabeleiras seguras e evita movimentos<br data-start=\"786\" data-end=\"789\" \/>\u2705 <strong data-start=\"791\" data-end=\"817\" data-is-only-node=\"\">Dur\u00e1vel e de alta qualidade<\/strong> - fabricado para durar durante o uso di\u00e1rio<\/p>\n<p data-start=\"855\" data-end=\"1021\">Perfeita para uso di\u00e1rio, para cosplay ou para um estilo profissional, esta <strong data-start=\"918\" data-end=\"937\">tira para peruca de veludo<\/strong> \u00e9 o acess\u00f3rio indispens\u00e1vel para quem usa perucas com confian\u00e7a e conforto.<\/p>","protected":false},"excerpt":{"rendered":"<p>Banda de Fixa\u00e7\u00e3o<\/p>\n<p>Mantenha sua peruca segura e confort\u00e1vel com a nossa <strong data-start=\"231\" data-end=\"261\">banda de fixa\u00e7\u00e3o  de peruca de veludo, ajust\u00e1vel.<\/strong>Mantenha a sua cabeleira segura e confort\u00e1vel com a nossa fita de veludo ajust\u00e1vel  para perucas, em castanho. Fabricada em veludo macio e respir\u00e1vel, esta bandolete antiderrapante evita que a peruca deslize, protege as extremidades e proporciona um ajuste seguro para perucas com renda, closures e completas. Tamanho \u00fanico, dur\u00e1vel e perfeito para uso di\u00e1rio.<\/p>","protected":false},"featured_media":3457,"comment_status":"open","ping_status":"closed","template":"","meta":[],"product_brand":[],"product_cat":[56],"product_tag":[],"class_list":{"0":"post-3806","1":"product","2":"type-product","3":"status-publish","4":"has-post-thumbnail","6":"product_cat-accessories","8":"first","9":"instock","10":"shipping-taxable","11":"purchasable","12":"product-type-simple","13":"layout-style-1","14":"col-md-4 col-sm-4 col-xs-6","15":"col-lg-3","16":"product-has-gallery","17":"product-style-default"},"_links":{"self":[{"href":"https:\/\/regaliawigs.com\/pt\/wp-json\/wp\/v2\/product\/3806","targetHints":{"allow":["GET"]}}],"collection":[{"href":"https:\/\/regaliawigs.com\/pt\/wp-json\/wp\/v2\/product"}],"about":[{"href":"https:\/\/regaliawigs.com\/pt\/wp-json\/wp\/v2\/types\/product"}],"replies":[{"embeddable":true,"href":"https:\/\/regaliawigs.com\/pt\/wp-json\/wp\/v2\/comments?post=3806"}],"wp:featuredmedia":[{"embeddable":true,"href":"https:\/\/regaliawigs.com\/pt\/wp-json\/wp\/v2\/media\/3457"}],"wp:attachment":[{"href":"https:\/\/regaliawigs.com\/pt\/wp-json\/wp\/v2\/media?parent=3806"}],"wp:term":[{"taxonomy":"product_brand","embeddable":true,"href":"https:\/\/regaliawigs.com\/pt\/wp-json\/wp\/v2\/product_brand?post=3806"},{"taxonomy":"product_cat","embeddable":true,"href":"https:\/\/regaliawigs.com\/pt\/wp-json\/wp\/v2\/product_cat?post=3806"},{"taxonomy":"product_tag","embeddable":true,"href":"https:\/\/regaliawigs.com\/pt\/wp-json\/wp\/v2\/product_tag?post=3806"}],"curies":[{"name":"wp","href":"https:\/\/api.w.org\/{rel}","templated":true}]}}