{"id":3103,"date":"2025-11-03T18:20:39","date_gmt":"2025-11-03T18:20:39","guid":{"rendered":"https:\/\/regaliawigs.com\/?post_type=product&#038;p=3103"},"modified":"2026-02-06T18:55:38","modified_gmt":"2026-02-06T18:55:38","slug":"bruna-3103-luxury-synthetic-hair-wigs","status":"publish","type":"product","link":"https:\/\/regaliawigs.com\/pt\/shop\/bruna-3103-luxury-synthetic-hair-wigs\/","title":{"rendered":"Bruna 3103"},"content":{"rendered":"<h3 data-start=\"105\" data-end=\"142\"><strong data-start=\"109\" data-end=\"140\">Bruna - 13\u00d74 Lace Front Wig<\/strong><\/h3>\n<p data-start=\"144\" data-end=\"458\">Conhe\u00e7a <strong data-start=\"149\" data-end=\"158\">Bruna<\/strong>, O cabelo sint\u00e9tico \u00e9 o equil\u00edbrio perfeito entre eleg\u00e2ncia e facilidade. Este <strong data-start=\"207\" data-end=\"230\">Peruca 13\u00d74 com renda<\/strong> apresenta um <strong data-start=\"242\" data-end=\"266\">parte central discreta<\/strong> e <strong data-start=\"271\" data-end=\"294\">ondas suaves e fluidas<\/strong> que criam um visual naturalmente sem esfor\u00e7o. Com a sua linha de cabelo realista e acabamento em renda sem costuras, Bruna funde-se perfeitamente com a sua pele para uma apar\u00eancia impec\u00e1vel.<\/p>\n<p data-start=\"460\" data-end=\"719\">Criada com precis\u00e3o, a Bruna oferece <strong data-start=\"497\" data-end=\"537\">tiras ajust\u00e1veis e pentes incorporados<\/strong> para um ajuste seguro e confort\u00e1vel num <strong data-start=\"574\" data-end=\"598\">Tamanho da touca M (normal)<\/strong>. Com <strong data-start=\"604\" data-end=\"626\">textura longa e ondulada<\/strong> acrescenta movimento e dimens\u00e3o, tornando-a ideal tanto para o uso quotidiano como para ocasi\u00f5es especiais.<\/p>","protected":false},"excerpt":{"rendered":"<ol>\n<li data-start=\"105\" data-end=\"142\"><strong data-start=\"109\" data-end=\"140\">Bruna - 13\u00d74 Lace Front Wig<\/strong><\/li>\n<\/ol>\n<p data-start=\"144\" data-end=\"458\"><strong data-start=\"207\" data-end=\"230\">Peruca 13\u00d74 com renda<\/strong><\/p>\n<p data-start=\"144\" data-end=\"458\"><strong>24\u2033 de comprimento<\/strong><\/p>\n<p data-start=\"144\" data-end=\"458\"><strong data-start=\"242\" data-end=\"266\">Parte central discreta<\/strong><\/p>\n<p data-start=\"144\" data-end=\"458\"><strong>Ondas suaves e fluidas<\/strong><\/p>\n<p data-start=\"144\" data-end=\"458\"><strong data-start=\"497\" data-end=\"537\">Tiras ajust\u00e1veis e 3 pentes incorporados<\/strong><\/p>\n<p data-start=\"460\" data-end=\"719\"><strong data-start=\"574\" data-end=\"598\">Tamanho da touca M (normal)<\/strong>.<\/p>\n<p data-start=\"460\" data-end=\"719\">Fibra sint\u00e9tica de alta qualidade<\/p>","protected":false},"featured_media":4030,"comment_status":"open","ping_status":"closed","template":"","meta":[],"product_brand":[49],"product_cat":[54],"product_tag":[76,58,62],"class_list":{"0":"post-3103","1":"product","2":"type-product","3":"status-publish","4":"has-post-thumbnail","6":"product_brand-regalia","7":"product_cat-synthetic-wigs","8":"product_tag-13x4","9":"product_tag-lace-front","10":"product_tag-middle-part","12":"first","13":"instock","14":"sale","15":"shipping-taxable","16":"purchasable","17":"product-type-simple","18":"layout-style-1","19":"col-md-4 col-sm-4 col-xs-6","20":"col-lg-3","21":"product-has-gallery","22":"product-style-default"},"_links":{"self":[{"href":"https:\/\/regaliawigs.com\/pt\/wp-json\/wp\/v2\/product\/3103","targetHints":{"allow":["GET"]}}],"collection":[{"href":"https:\/\/regaliawigs.com\/pt\/wp-json\/wp\/v2\/product"}],"about":[{"href":"https:\/\/regaliawigs.com\/pt\/wp-json\/wp\/v2\/types\/product"}],"replies":[{"embeddable":true,"href":"https:\/\/regaliawigs.com\/pt\/wp-json\/wp\/v2\/comments?post=3103"}],"wp:featuredmedia":[{"embeddable":true,"href":"https:\/\/regaliawigs.com\/pt\/wp-json\/wp\/v2\/media\/4030"}],"wp:attachment":[{"href":"https:\/\/regaliawigs.com\/pt\/wp-json\/wp\/v2\/media?parent=3103"}],"wp:term":[{"taxonomy":"product_brand","embeddable":true,"href":"https:\/\/regaliawigs.com\/pt\/wp-json\/wp\/v2\/product_brand?post=3103"},{"taxonomy":"product_cat","embeddable":true,"href":"https:\/\/regaliawigs.com\/pt\/wp-json\/wp\/v2\/product_cat?post=3103"},{"taxonomy":"product_tag","embeddable":true,"href":"https:\/\/regaliawigs.com\/pt\/wp-json\/wp\/v2\/product_tag?post=3103"}],"curies":[{"name":"wp","href":"https:\/\/api.w.org\/{rel}","templated":true}]}}