{"id":3094,"date":"2025-10-31T18:13:26","date_gmt":"2025-10-31T18:13:26","guid":{"rendered":"https:\/\/regaliawigs.com\/?post_type=product&#038;p=3094"},"modified":"2026-02-06T18:10:36","modified_gmt":"2026-02-06T18:10:36","slug":"20-monica-natural-water-wave-hair","status":"publish","type":"product","link":"https:\/\/regaliawigs.com\/pt\/shop\/20-monica-natural-water-wave-hair\/","title":{"rendered":"M\u00f3nica WW 20\u2033 cabelo natural com ondas de \u00e1gua"},"content":{"rendered":"<div id='gallery-1' class='gallery galleryid-3094 gallery-columns-3 gallery-size-thumbnail'><figure class='gallery-item'>\n\t\t\t<div class='gallery-icon portrait'>\n\t\t\t\t<a href='https:\/\/regaliawigs.com\/pt\/?attachment_id=4005'><img decoding=\"async\" width=\"150\" height=\"150\" src=\"https:\/\/regaliawigs.com\/wp-content\/uploads\/2025\/10\/20260204_164540-150x150.jpg\" class=\"attachment-thumbnail size-thumbnail\" alt=\"\" srcset=\"https:\/\/regaliawigs.com\/wp-content\/uploads\/2025\/10\/20260204_164540-150x150.jpg 150w, https:\/\/regaliawigs.com\/wp-content\/uploads\/2025\/10\/20260204_164540-100x100.jpg 100w\" sizes=\"(max-width: 150px) 100vw, 150px\" \/><\/a>\n\t\t\t<\/div><\/figure><figure class='gallery-item'>\n\t\t\t<div class='gallery-icon portrait'>\n\t\t\t\t<a href='https:\/\/regaliawigs.com\/pt\/?attachment_id=3999'><img decoding=\"async\" width=\"150\" height=\"150\" src=\"https:\/\/regaliawigs.com\/wp-content\/uploads\/2025\/10\/20260204_164506-150x150.jpg\" class=\"attachment-thumbnail size-thumbnail\" alt=\"\" srcset=\"https:\/\/regaliawigs.com\/wp-content\/uploads\/2025\/10\/20260204_164506-150x150.jpg 150w, https:\/\/regaliawigs.com\/wp-content\/uploads\/2025\/10\/20260204_164506-100x100.jpg 100w\" sizes=\"(max-width: 150px) 100vw, 150px\" \/><\/a>\n\t\t\t<\/div><\/figure><figure class='gallery-item'>\n\t\t\t<div class='gallery-icon portrait'>\n\t\t\t\t<a href='https:\/\/regaliawigs.com\/pt\/?attachment_id=4003'><img decoding=\"async\" width=\"150\" height=\"150\" src=\"https:\/\/regaliawigs.com\/wp-content\/uploads\/2025\/10\/20260204_164650-150x150.jpg\" class=\"attachment-thumbnail size-thumbnail\" alt=\"\" srcset=\"https:\/\/regaliawigs.com\/wp-content\/uploads\/2025\/10\/20260204_164650-150x150.jpg 150w, https:\/\/regaliawigs.com\/wp-content\/uploads\/2025\/10\/20260204_164650-100x100.jpg 100w\" sizes=\"(max-width: 150px) 100vw, 150px\" \/><\/a>\n\t\t\t<\/div><\/figure><figure class='gallery-item'>\n\t\t\t<div class='gallery-icon portrait'>\n\t\t\t\t<a href='https:\/\/regaliawigs.com\/pt\/?attachment_id=4002'><img loading=\"lazy\" decoding=\"async\" width=\"150\" height=\"150\" src=\"https:\/\/regaliawigs.com\/wp-content\/uploads\/2025\/10\/20260204_164558-150x150.jpg\" class=\"attachment-thumbnail size-thumbnail\" alt=\"\" srcset=\"https:\/\/regaliawigs.com\/wp-content\/uploads\/2025\/10\/20260204_164558-150x150.jpg 150w, https:\/\/regaliawigs.com\/wp-content\/uploads\/2025\/10\/20260204_164558-100x100.jpg 100w\" sizes=\"(max-width: 150px) 100vw, 150px\" \/><\/a>\n\t\t\t<\/div><\/figure><figure class='gallery-item'>\n\t\t\t<div class='gallery-icon portrait'>\n\t\t\t\t<a href='https:\/\/regaliawigs.com\/pt\/?attachment_id=4001'><img loading=\"lazy\" decoding=\"async\" width=\"150\" height=\"150\" src=\"https:\/\/regaliawigs.com\/wp-content\/uploads\/2025\/10\/20260204_164710-150x150.jpg\" class=\"attachment-thumbnail size-thumbnail\" alt=\"\" srcset=\"https:\/\/regaliawigs.com\/wp-content\/uploads\/2025\/10\/20260204_164710-150x150.jpg 150w, https:\/\/regaliawigs.com\/wp-content\/uploads\/2025\/10\/20260204_164710-100x100.jpg 100w\" sizes=\"(max-width: 150px) 100vw, 150px\" \/><\/a>\n\t\t\t<\/div><\/figure><figure class='gallery-item'>\n\t\t\t<div class='gallery-icon portrait'>\n\t\t\t\t<a href='https:\/\/regaliawigs.com\/pt\/?attachment_id=3998'><img loading=\"lazy\" decoding=\"async\" width=\"150\" height=\"150\" src=\"https:\/\/regaliawigs.com\/wp-content\/uploads\/2025\/10\/20260204_164815-150x150.jpg\" class=\"attachment-thumbnail size-thumbnail\" alt=\"\" srcset=\"https:\/\/regaliawigs.com\/wp-content\/uploads\/2025\/10\/20260204_164815-150x150.jpg 150w, https:\/\/regaliawigs.com\/wp-content\/uploads\/2025\/10\/20260204_164815-100x100.jpg 100w\" sizes=\"(max-width: 150px) 100vw, 150px\" \/><\/a>\n\t\t\t<\/div><\/figure><figure class='gallery-item'>\n\t\t\t<div class='gallery-icon portrait'>\n\t\t\t\t<a href='https:\/\/regaliawigs.com\/pt\/?attachment_id=4007'><img loading=\"lazy\" decoding=\"async\" width=\"150\" height=\"150\" src=\"https:\/\/regaliawigs.com\/wp-content\/uploads\/2025\/10\/20260204_164900-150x150.jpg\" class=\"attachment-thumbnail size-thumbnail\" alt=\"\" srcset=\"https:\/\/regaliawigs.com\/wp-content\/uploads\/2025\/10\/20260204_164900-150x150.jpg 150w, https:\/\/regaliawigs.com\/wp-content\/uploads\/2025\/10\/20260204_164900-100x100.jpg 100w\" sizes=\"(max-width: 150px) 100vw, 150px\" \/><\/a>\n\t\t\t<\/div><\/figure><figure class='gallery-item'>\n\t\t\t<div class='gallery-icon portrait'>\n\t\t\t\t<a href='https:\/\/regaliawigs.com\/pt\/?attachment_id=4004'><img loading=\"lazy\" decoding=\"async\" width=\"150\" height=\"150\" src=\"https:\/\/regaliawigs.com\/wp-content\/uploads\/2025\/10\/20260204_164920-150x150.jpg\" class=\"attachment-thumbnail size-thumbnail\" alt=\"\" srcset=\"https:\/\/regaliawigs.com\/wp-content\/uploads\/2025\/10\/20260204_164920-150x150.jpg 150w, https:\/\/regaliawigs.com\/wp-content\/uploads\/2025\/10\/20260204_164920-100x100.jpg 100w\" sizes=\"(max-width: 150px) 100vw, 150px\" \/><\/a>\n\t\t\t<\/div><\/figure><figure class='gallery-item'>\n\t\t\t<div class='gallery-icon portrait'>\n\t\t\t\t<a href='https:\/\/regaliawigs.com\/pt\/?attachment_id=4006'><img loading=\"lazy\" decoding=\"async\" width=\"150\" height=\"150\" src=\"https:\/\/regaliawigs.com\/wp-content\/uploads\/2025\/10\/20260204_164842-150x150.jpg\" class=\"attachment-thumbnail size-thumbnail\" alt=\"\" srcset=\"https:\/\/regaliawigs.com\/wp-content\/uploads\/2025\/10\/20260204_164842-150x150.jpg 150w, https:\/\/regaliawigs.com\/wp-content\/uploads\/2025\/10\/20260204_164842-100x100.jpg 100w\" sizes=\"(max-width: 150px) 100vw, 150px\" \/><\/a>\n\t\t\t<\/div><\/figure>\n\t\t<\/div>\n\n<h3 data-start=\"127\" data-end=\"169\"><strong data-start=\"131\" data-end=\"167\">M\u00f3nica - Peruca 5\u00d75 HD com fecho de renda WW 20\u2033<\/strong><\/h3>\n<p data-start=\"171\" data-end=\"438\">Experimente o verdadeiro luxo com <strong data-start=\"199\" data-end=\"209\">M\u00f3nica<\/strong>, o nosso humano<strong data-start=\"223\" data-end=\"241\"> cabelo com ondas de \u00e1gua naturais<\/strong> Peruca trabalhada para um acabamento ultra natural. Concebida com uma <strong data-start=\"295\" data-end=\"318\">renda  frontal 5\u00d75 HD<\/strong>, M\u00f3nica oferece <strong data-start=\"334\" data-end=\"350\">separa\u00e7\u00e3o livre<\/strong> versatilidade e uma mistura perfeita, semelhante \u00e0 pele, que imita na perfei\u00e7\u00e3o o seu couro cabeludo natural.<\/p>\n<p data-start=\"440\" data-end=\"717\">Os <strong data-start=\"444\" data-end=\"468\">n\u00f3s min\u00fasculos invis\u00edveis<\/strong> e <strong data-start=\"473\" data-end=\"498\">linha do cabelo pr\u00e9-branqueada<\/strong> criam um aspeto realista e sem costuras, enquanto o <strong data-start=\"544\" data-end=\"571\">linha do cabelo limpa e natural<\/strong> garante um estilo sem esfor\u00e7o logo a partir da caixa. Fabricado em <strong data-start=\"631\" data-end=\"650\">100% cabelo humano<\/strong>, Monica proporciona uma suavidade sedosa e um movimento duradouro.<\/p>","protected":false},"excerpt":{"rendered":"<p data-start=\"719\" data-end=\"750\"><strong data-start=\"721\" data-end=\"748\">Porque \u00e9 que vai gostar da M\u00f3nica:<\/strong><\/p>\n<p data-start=\"719\" data-end=\"750\"><strong>20\u2033 de comprimento<\/strong> (Medida esticada)<\/p>\n<p data-start=\"753\" data-end=\"811\"><strong>renda  frontal 5\u00d75 HD\u00a0<\/strong><\/p>\n<p data-start=\"753\" data-end=\"811\"><strong>Cabelo com ondas de \u00e1gua naturais (WW)<\/strong><\/p>\n<p data-start=\"814\" data-end=\"848\"><strong>Separa\u00e7\u00e3o livre<\/strong> - estilize \u00e0 sua maneira<\/p>\n<p data-start=\"851\" data-end=\"895\">Pequenos n\u00f3s invis\u00edveis para um acabamento impec\u00e1vel<\/p>\n<p data-start=\"898\" data-end=\"953\">N\u00f3s pr\u00e9-branqueados, para um look natural e cabelo pronto a usar<\/p>\n<p data-start=\"956\" data-end=\"1001\">Cabelo humano 100% com movimento suave e natural<\/p>\n<p data-start=\"1004\" data-end=\"1048\"><strong data-start=\"1004\" data-end=\"1020\">Densidade 180%<\/strong> para um corpo volumoso natural<\/p>\n<p data-start=\"630\" data-end=\"881\"><strong data-start=\"663\" data-end=\"703\">Tiras ajust\u00e1veis e 3 pentes incorporados<\/strong><\/p>\n<p data-start=\"630\" data-end=\"881\"><strong>Banda extra ajust\u00e1vel<\/strong><\/p>\n<p data-start=\"1144\" data-end=\"1239\"><strong data-start=\"1144\" data-end=\"1154\">M\u00f3nica<\/strong> \u00e9 a personifica\u00e7\u00e3o da eleg\u00e2ncia natural - suave, vers\u00e1til e refinada sem esfor\u00e7o.<\/p>\n<p data-start=\"1241\" data-end=\"1370\">\ud83d\udce9 <em data-start=\"1244\" data-end=\"1368\">Dispon\u00edvel em <strong>comprimentos diferentes, tamanhos de touca e densidades.<\/strong> Para mais informa\u00e7\u00f5es ou op\u00e7\u00f5es de personaliza\u00e7\u00e3o, envie-nos uma mensagem.<br \/>\n<strong>Nota - O comprimento do produto \u00e9 medido esticado<\/strong><\/em><\/p>","protected":false},"featured_media":4000,"comment_status":"open","ping_status":"closed","template":"","meta":[],"product_brand":[],"product_cat":[55],"product_tag":[79],"class_list":{"0":"post-3094","1":"product","2":"type-product","3":"status-publish","4":"has-post-thumbnail","6":"product_cat-human-hair-wigs","7":"product_tag-5x5-hd-closure-180-density-1b","9":"first","10":"instock","11":"sale","12":"shipping-taxable","13":"purchasable","14":"product-type-simple","15":"layout-style-1","16":"col-md-4 col-sm-4 col-xs-6","17":"col-lg-3","18":"product-has-gallery","19":"product-style-default"},"_links":{"self":[{"href":"https:\/\/regaliawigs.com\/pt\/wp-json\/wp\/v2\/product\/3094","targetHints":{"allow":["GET"]}}],"collection":[{"href":"https:\/\/regaliawigs.com\/pt\/wp-json\/wp\/v2\/product"}],"about":[{"href":"https:\/\/regaliawigs.com\/pt\/wp-json\/wp\/v2\/types\/product"}],"replies":[{"embeddable":true,"href":"https:\/\/regaliawigs.com\/pt\/wp-json\/wp\/v2\/comments?post=3094"}],"wp:featuredmedia":[{"embeddable":true,"href":"https:\/\/regaliawigs.com\/pt\/wp-json\/wp\/v2\/media\/4000"}],"wp:attachment":[{"href":"https:\/\/regaliawigs.com\/pt\/wp-json\/wp\/v2\/media?parent=3094"}],"wp:term":[{"taxonomy":"product_brand","embeddable":true,"href":"https:\/\/regaliawigs.com\/pt\/wp-json\/wp\/v2\/product_brand?post=3094"},{"taxonomy":"product_cat","embeddable":true,"href":"https:\/\/regaliawigs.com\/pt\/wp-json\/wp\/v2\/product_cat?post=3094"},{"taxonomy":"product_tag","embeddable":true,"href":"https:\/\/regaliawigs.com\/pt\/wp-json\/wp\/v2\/product_tag?post=3094"}],"curies":[{"name":"wp","href":"https:\/\/api.w.org\/{rel}","templated":true}]}}