{"id":3093,"date":"2025-10-31T18:04:48","date_gmt":"2025-10-31T18:04:48","guid":{"rendered":"https:\/\/regaliawigs.com\/?post_type=product&#038;p=3093"},"modified":"2026-02-06T18:37:49","modified_gmt":"2026-02-06T18:37:49","slug":"monica-4-deep-wave-human-hair-20","status":"publish","type":"product","link":"https:\/\/regaliawigs.com\/pt\/shop\/monica-4-deep-wave-human-hair-20\/","title":{"rendered":"M\u00f3nica (DW)- Cabelo Humano de onda profunda de 20\u2033"},"content":{"rendered":"<h3 data-start=\"127\" data-end=\"169\"><strong data-start=\"131\" data-end=\"167\"> Monica -20\u2033 5\u00d75 HD Lace Closure Peruca de cabelo humano de onda profunda\u00a0<\/strong><\/h3>\n<p><!--more--><\/p>\n<p data-start=\"171\" data-end=\"438\">Experimente o verdadeiro luxo com <strong data-start=\"199\" data-end=\"209\">M\u00f3nica<\/strong>, a nossa <strong>Peruca de cabelo humano Deep wave premium<\/strong> trabalhada para um acabamento ultra-natural. Concebida com um <strong data-start=\"295\" data-end=\"318\">renda  frontal 5\u00d75 HD<\/strong>, M\u00f3nica oferece <strong data-start=\"334\" data-end=\"350\">separa\u00e7\u00e3o livre<\/strong> versatilidade e uma mistura perfeita, semelhante \u00e0 pele, que imita na perfei\u00e7\u00e3o o seu couro cabeludo natural.<\/p>\n<p data-start=\"440\" data-end=\"717\">Os <strong data-start=\"444\" data-end=\"468\">n\u00f3s min\u00fasculos invis\u00edveis<\/strong> e <strong data-start=\"473\" data-end=\"498\">linha do cabelo pr\u00e9-branqueada<\/strong> criam um aspeto realista e sem costuras, enquanto o <strong data-start=\"544\" data-end=\"571\">linha do cabelo limpa e natural<\/strong> garante um estilo sem esfor\u00e7o logo a partir da caixa. Fabricado em <strong data-start=\"631\" data-end=\"650\">100% cabelo humano<\/strong>, Monica proporciona uma suavidade sedosa, brilho e movimento duradouros.<\/p>","protected":false},"excerpt":{"rendered":"<p data-start=\"719\" data-end=\"750\"><strong data-start=\"721\" data-end=\"748\">Porque \u00e9 que vai gostar da M\u00f3nica:<\/strong><\/p>\n<p data-start=\"719\" data-end=\"750\">20\u2033 de comprimento (Medido esticado)<\/p>\n<p data-start=\"753\" data-end=\"811\">Renda frontal closure, HD 5\u00d75 para um aspeto natural, semelhante ao couro cabeludo<\/p>\n<p data-start=\"814\" data-end=\"848\">Separa\u00e7\u00e3o livre - estilize ao seu estilo<\/p>\n<p data-start=\"851\" data-end=\"895\">Pequenos n\u00f3s invis\u00edveis para um acabamento impec\u00e1vel<\/p>\n<p data-start=\"898\" data-end=\"953\">N\u00f3s pr\u00e9-branqueados, para um look natural e cabelo pronto a usar<\/p>\n<p data-start=\"956\" data-end=\"1001\">100% <strong>cabelo humano deep wave<\/strong> com movimentos suaves e naturais<\/p>\n<p data-start=\"1004\" data-end=\"1048\"><strong data-start=\"1004\" data-end=\"1020\">Densidade 180%<\/strong> para um corpo natural<\/p>\n<p><strong>Tiras  ajust\u00e1veis e 3 pentes incorporados<\/strong><\/p>\n<p data-start=\"630\" data-end=\"881\"><strong>Banda extra ajust\u00e1vel<\/strong><\/p>\n<p data-start=\"1144\" data-end=\"1239\"><strong data-start=\"1144\" data-end=\"1154\">M\u00f3nica<\/strong> \u00e9 a personifica\u00e7\u00e3o da eleg\u00e2ncia natural - suave, vers\u00e1til e refinada sem esfor\u00e7o.<\/p>\n<p data-start=\"1241\" data-end=\"1370\">\ud83d\udce9 <em data-start=\"1244\" data-end=\"1368\">Dispon\u00edvel em <strong>comprimentos diferentes, tamanhos de touca e densidades.<\/strong> Para mais informa\u00e7\u00f5es ou op\u00e7\u00f5es de personaliza\u00e7\u00e3o, envie-nos uma mensagem.<\/em><\/p>\n<p data-start=\"1241\" data-end=\"1370\">Nota: <strong>O cabelo \u00e9 apresentado solto na galeria de imagens.<\/strong><\/p>\n<p data-start=\"1241\" data-end=\"1370\">","protected":false},"featured_media":4010,"comment_status":"open","ping_status":"closed","template":"..\/public\/views\/revslider-page-template.php","meta":[],"product_brand":[],"product_cat":[55,16],"product_tag":[79],"class_list":{"0":"post-3093","1":"product","2":"type-product","3":"status-publish","4":"has-post-thumbnail","6":"product_cat-human-hair-wigs","7":"product_cat-uncategorized","8":"product_tag-5x5-hd-closure-180-density-1b","10":"first","11":"instock","12":"sale","13":"shipping-taxable","14":"purchasable","15":"product-type-simple","16":"layout-style-1","17":"col-md-4 col-sm-4 col-xs-6","18":"col-lg-3","19":"product-has-gallery","20":"product-style-default"},"_links":{"self":[{"href":"https:\/\/regaliawigs.com\/pt\/wp-json\/wp\/v2\/product\/3093","targetHints":{"allow":["GET"]}}],"collection":[{"href":"https:\/\/regaliawigs.com\/pt\/wp-json\/wp\/v2\/product"}],"about":[{"href":"https:\/\/regaliawigs.com\/pt\/wp-json\/wp\/v2\/types\/product"}],"replies":[{"embeddable":true,"href":"https:\/\/regaliawigs.com\/pt\/wp-json\/wp\/v2\/comments?post=3093"}],"wp:featuredmedia":[{"embeddable":true,"href":"https:\/\/regaliawigs.com\/pt\/wp-json\/wp\/v2\/media\/4010"}],"wp:attachment":[{"href":"https:\/\/regaliawigs.com\/pt\/wp-json\/wp\/v2\/media?parent=3093"}],"wp:term":[{"taxonomy":"product_brand","embeddable":true,"href":"https:\/\/regaliawigs.com\/pt\/wp-json\/wp\/v2\/product_brand?post=3093"},{"taxonomy":"product_cat","embeddable":true,"href":"https:\/\/regaliawigs.com\/pt\/wp-json\/wp\/v2\/product_cat?post=3093"},{"taxonomy":"product_tag","embeddable":true,"href":"https:\/\/regaliawigs.com\/pt\/wp-json\/wp\/v2\/product_tag?post=3093"}],"curies":[{"name":"wp","href":"https:\/\/api.w.org\/{rel}","templated":true}]}}