{"id":3091,"date":"2025-10-31T17:46:25","date_gmt":"2025-10-31T17:46:25","guid":{"rendered":"https:\/\/regaliawigs.com\/?post_type=product&#038;p=3091"},"modified":"2026-02-06T20:01:22","modified_gmt":"2026-02-06T20:01:22","slug":"monica-straight-human-hair-wig","status":"publish","type":"product","link":"https:\/\/regaliawigs.com\/pt\/shop\/monica-straight-human-hair-wig\/","title":{"rendered":"Monica ST 20\" de cabelo humano liso"},"content":{"rendered":"<h3 data-start=\"113\" data-end=\"155\"><strong data-start=\"117\" data-end=\"153\"> Monica - Peruca 5\u00d75 HD com renda frontal<\/strong><\/h3>\n<p data-start=\"157\" data-end=\"419\">Experimente o verdadeiro luxo com <strong data-start=\"185\" data-end=\"195\">M\u00f3nica<\/strong>, a nossa <strong>direito<\/strong> <strong data-start=\"209\" data-end=\"227\">peruca de cabelo humano lisa<\/strong> Concebida para um acabamento ultra natural. Concebida com uma <strong data-start=\"281\" data-end=\"304\">renda  frontal 5\u00d75 HD<\/strong>, M\u00f3nica oferece <strong data-start=\"320\" data-end=\"336\">separa\u00e7\u00e3o livre<\/strong> versatilidade e uma mistura perfeita, semelhante \u00e0 pele, que imita na perfei\u00e7\u00e3o o couro cabeludo natural.<\/p>\n<p data-start=\"421\" data-end=\"731\">Os <strong data-start=\"425\" data-end=\"449\">n\u00f3s min\u00fasculos invis\u00edveis<\/strong> e <strong data-start=\"454\" data-end=\"479\">linha do cabelo pr\u00e9-branqueada<\/strong> criam um aspeto realista e sem costuras, enquanto o <strong data-start=\"525\" data-end=\"552\">linha do cabelo limpa e natural<\/strong> garante um estilo sem esfor\u00e7o e sem necessidade de personaliza\u00e7\u00e3o adicional. Cada madeixa de cabelo Monica \u00e9 <strong data-start=\"640\" data-end=\"659\">100% cabelo humano<\/strong> move-se naturalmente, oferecendo uma suavidade sedosa, brilho e qualidade duradoura.<\/p>","protected":false},"excerpt":{"rendered":"<h3 data-start=\"113\" data-end=\"155\"><strong data-start=\"117\" data-end=\"153\"> Monica - Peruca 5\u00d75 HD com renda frontal<\/strong><\/h3>\n<p data-start=\"157\" data-end=\"419\">Experimente o verdadeiro luxo com <strong data-start=\"185\" data-end=\"195\">M\u00f3nica<\/strong>, a nossa <strong>direito<\/strong> <strong data-start=\"209\" data-end=\"227\">peruca de cabelo humano lisa<\/strong> Concebida para um acabamento ultra natural. Concebida com uma <strong data-start=\"281\" data-end=\"304\">renda  frontal 5\u00d75 HD<\/strong>, M\u00f3nica oferece <strong data-start=\"320\" data-end=\"336\">separa\u00e7\u00e3o livre<\/strong> versatilidade e uma mistura perfeita, semelhante \u00e0 pele, que imita na perfei\u00e7\u00e3o o couro cabeludo natural.<\/p>\n<p data-start=\"421\" data-end=\"731\">Os <strong data-start=\"425\" data-end=\"449\">n\u00f3s min\u00fasculos invis\u00edveis<\/strong> e <strong data-start=\"454\" data-end=\"479\">linha do cabelo pr\u00e9-branqueada<\/strong> criam um aspeto realista e sem costuras, enquanto o <strong data-start=\"525\" data-end=\"552\">linha do cabelo limpa e natural<\/strong> garante um estilo sem esfor\u00e7o e sem necessidade de personaliza\u00e7\u00e3o adicional. Cada madeixa de cabelo Monica \u00e9 <strong data-start=\"640\" data-end=\"659\">100% cabelo humano<\/strong> move-se naturalmente, oferecendo uma suavidade sedosa, brilho e qualidade duradoura.<\/p>","protected":false},"featured_media":4047,"comment_status":"open","ping_status":"closed","template":"","meta":[],"product_brand":[],"product_cat":[55],"product_tag":[79],"class_list":{"0":"post-3091","1":"product","2":"type-product","3":"status-publish","4":"has-post-thumbnail","6":"product_cat-human-hair-wigs","7":"product_tag-5x5-hd-closure-180-density-1b","9":"first","10":"instock","11":"sale","12":"shipping-taxable","13":"purchasable","14":"product-type-simple","15":"layout-style-1","16":"col-md-4 col-sm-4 col-xs-6","17":"col-lg-3","18":"product-has-gallery","19":"product-style-default"},"_links":{"self":[{"href":"https:\/\/regaliawigs.com\/pt\/wp-json\/wp\/v2\/product\/3091","targetHints":{"allow":["GET"]}}],"collection":[{"href":"https:\/\/regaliawigs.com\/pt\/wp-json\/wp\/v2\/product"}],"about":[{"href":"https:\/\/regaliawigs.com\/pt\/wp-json\/wp\/v2\/types\/product"}],"replies":[{"embeddable":true,"href":"https:\/\/regaliawigs.com\/pt\/wp-json\/wp\/v2\/comments?post=3091"}],"wp:featuredmedia":[{"embeddable":true,"href":"https:\/\/regaliawigs.com\/pt\/wp-json\/wp\/v2\/media\/4047"}],"wp:attachment":[{"href":"https:\/\/regaliawigs.com\/pt\/wp-json\/wp\/v2\/media?parent=3091"}],"wp:term":[{"taxonomy":"product_brand","embeddable":true,"href":"https:\/\/regaliawigs.com\/pt\/wp-json\/wp\/v2\/product_brand?post=3091"},{"taxonomy":"product_cat","embeddable":true,"href":"https:\/\/regaliawigs.com\/pt\/wp-json\/wp\/v2\/product_cat?post=3091"},{"taxonomy":"product_tag","embeddable":true,"href":"https:\/\/regaliawigs.com\/pt\/wp-json\/wp\/v2\/product_tag?post=3091"}],"curies":[{"name":"wp","href":"https:\/\/api.w.org\/{rel}","templated":true}]}}