{"id":3086,"date":"2025-10-31T13:18:18","date_gmt":"2025-10-31T13:18:18","guid":{"rendered":"https:\/\/regaliawigs.com\/?post_type=product&#038;p=3086"},"modified":"2026-02-06T20:42:29","modified_gmt":"2026-02-06T20:42:29","slug":"bruna3086-13x4lacefrontwig","status":"publish","type":"product","link":"https:\/\/regaliawigs.com\/pt\/shop\/bruna3086-13x4lacefrontwig\/","title":{"rendered":"Bruna - 3086"},"content":{"rendered":"<h3 data-start=\"105\" data-end=\"142\"><strong data-start=\"109\" data-end=\"140\"> Bruna - 13\u00d74 Lace Front Wig<\/strong><\/h3>\n<p data-start=\"144\" data-end=\"458\">Conhe\u00e7a <strong data-start=\"149\" data-end=\"158\">Bruna<\/strong>, O equil\u00edbrio perfeito entre eleg\u00e2ncia e facilidade. Esta <strong data-start=\"207\" data-end=\"230\">Peruca 13\u00d74 com renda<\/strong> apresenta um <strong data-start=\"242\" data-end=\"266\">parte central discreta<\/strong> e <strong data-start=\"271\" data-end=\"294\">ondas suaves e fluidas<\/strong> que criam um visual naturalmente sem esfor\u00e7o. Com a sua linha de cabelo realista e acabamento em renda sem costuras, Bruna funde-se perfeitamente com a sua pele para uma apar\u00eancia impec\u00e1vel.<\/p>\n<p data-start=\"460\" data-end=\"719\">Criada com precis\u00e3o, a Bruna oferece <strong data-start=\"497\" data-end=\"537\">tiras ajust\u00e1veis e pentes incorporados<\/strong> para um ajuste seguro e confort\u00e1vel num <strong data-start=\"574\" data-end=\"598\">Tamanho da touca M (normal)<\/strong>. Com <strong data-start=\"604\" data-end=\"626\">textura longa e ondulada<\/strong> acrescenta movimento e dimens\u00e3o, tornando-a ideal tanto para o uso quotidiano como para ocasi\u00f5es especiais.<\/p>","protected":false},"excerpt":{"rendered":"<p data-start=\"721\" data-end=\"751\"><strong data-start=\"723\" data-end=\"749\">Porque \u00e9 que vai gostar da Bruna:<\/strong><\/p>\n<p data-start=\"721\" data-end=\"751\">24\u2033 de comprimento<\/p>\n<p data-start=\"754\" data-end=\"803\">Peruca 13\u00d74 com renda frontal para um acabamento natural e semelhante \u00e0 pele<\/p>\n<p data-start=\"754\" data-end=\"803\">Renda transparente<\/p>\n<p data-start=\"806\" data-end=\"857\">Parte central discreta para um look requintado e equilibrado<\/p>\n<p data-start=\"860\" data-end=\"900\">Ondas longas e suaves com movimento natural<\/p>\n<p data-start=\"903\" data-end=\"947\">Tiras e pentes ajust\u00e1veis para um ajuste seguro<\/p>\n<p data-start=\"950\" data-end=\"998\">Touca de tamanho m\u00e9dio (regular) para conforto quotidiano<\/p>\n<p data-start=\"950\" data-end=\"998\">A fibra Futura pode suportar graus (150*-180*)<\/p>\n<p data-start=\"1000\" data-end=\"1125\"><strong data-start=\"1000\" data-end=\"1009\">Bruna<\/strong> tem tudo a ver com sofistica\u00e7\u00e3o suave, ondulado sem esfor\u00e7o, maravilhosamente natural e sempre pronto a elevar o seu look.<\/p>","protected":false},"featured_media":4093,"comment_status":"open","ping_status":"closed","template":"","meta":[],"product_brand":[49],"product_cat":[54],"product_tag":[76,77],"class_list":{"0":"post-3086","1":"product","2":"type-product","3":"status-publish","4":"has-post-thumbnail","6":"product_brand-regalia","7":"product_cat-synthetic-wigs","8":"product_tag-13x4","9":"product_tag-lace-front-middle-part","11":"first","12":"instock","13":"sale","14":"shipping-taxable","15":"purchasable","16":"product-type-simple","17":"layout-style-1","18":"col-md-4 col-sm-4 col-xs-6","19":"col-lg-3","20":"product-has-gallery","21":"product-style-default"},"_links":{"self":[{"href":"https:\/\/regaliawigs.com\/pt\/wp-json\/wp\/v2\/product\/3086","targetHints":{"allow":["GET"]}}],"collection":[{"href":"https:\/\/regaliawigs.com\/pt\/wp-json\/wp\/v2\/product"}],"about":[{"href":"https:\/\/regaliawigs.com\/pt\/wp-json\/wp\/v2\/types\/product"}],"replies":[{"embeddable":true,"href":"https:\/\/regaliawigs.com\/pt\/wp-json\/wp\/v2\/comments?post=3086"}],"wp:featuredmedia":[{"embeddable":true,"href":"https:\/\/regaliawigs.com\/pt\/wp-json\/wp\/v2\/media\/4093"}],"wp:attachment":[{"href":"https:\/\/regaliawigs.com\/pt\/wp-json\/wp\/v2\/media?parent=3086"}],"wp:term":[{"taxonomy":"product_brand","embeddable":true,"href":"https:\/\/regaliawigs.com\/pt\/wp-json\/wp\/v2\/product_brand?post=3086"},{"taxonomy":"product_cat","embeddable":true,"href":"https:\/\/regaliawigs.com\/pt\/wp-json\/wp\/v2\/product_cat?post=3086"},{"taxonomy":"product_tag","embeddable":true,"href":"https:\/\/regaliawigs.com\/pt\/wp-json\/wp\/v2\/product_tag?post=3086"}],"curies":[{"name":"wp","href":"https:\/\/api.w.org\/{rel}","templated":true}]}}