{"id":3085,"date":"2025-10-31T12:57:57","date_gmt":"2025-10-31T12:57:57","guid":{"rendered":"https:\/\/regaliawigs.com\/?post_type=product&#038;p=3085"},"modified":"2026-02-08T18:15:47","modified_gmt":"2026-02-08T18:15:47","slug":"https-regaliawigs-shop-grace-afro-hair-style","status":"publish","type":"product","link":"https:\/\/regaliawigs.com\/pt\/produto\/https-regaliawigs-shop-grace-afro-hair-style\/","title":{"rendered":"Gra\u00e7a - 3085"},"content":{"rendered":"<p data-start=\"140\" data-end=\"376\">Abrace a sua beleza natural com <strong data-start=\"173\" data-end=\"182\">Gra\u00e7a<\/strong>, um deslumbrante <strong data-start=\"195\" data-end=\"225\">Cabelo afro com carac\u00f3is grandes, Peruca<\/strong> que celebra o volume, a textura e a confian\u00e7a. Concebidos <strong data-start=\"284\" data-end=\"300\">sem renda<\/strong> para uma utiliza\u00e7\u00e3o f\u00e1cil, com tiras ajust\u00e1veis. Grace proporciona um visual arrojado e bonito com o m\u00ednimo de esfor\u00e7o.<\/p>\n<p data-start=\"378\" data-end=\"650\">Fabricado num rico <strong data-start=\"396\" data-end=\"415\">tom preto azeviche<\/strong>, esta peruca apresenta <strong data-start=\"435\" data-end=\"457\">carac\u00f3is cheios e saltitantes<\/strong> que mant\u00eam a sua forma enquanto permanecem suaves, leves e respir\u00e1veis. Perfeita para usar no dia a dia, a Grace d\u00e1-lhe aquela vibra\u00e7\u00e3o afro-glam sem esfor\u00e7o, sem necessidade de penteados<\/p>","protected":false},"excerpt":{"rendered":"<p data-start=\"652\" data-end=\"682\"><strong data-start=\"654\" data-end=\"680\">Porque \u00e9 que vai gostar de Grace:<\/strong><\/p>\n<p data-start=\"652\" data-end=\"682\"><strong>14\u2033 de comprimento<\/strong><\/p>\n<p data-start=\"685\" data-end=\"738\">Carac\u00f3is grandes e definidos para um efeito completo e natural <strong>Look afro<\/strong><\/p>\n<p data-start=\"741\" data-end=\"787\"><strong>Sem renda<\/strong> - f\u00e1cil de usar e para principiantes<\/p>\n<p data-start=\"790\" data-end=\"835\"><strong>Suave<\/strong>, textura volumosa com forma duradoura<\/p>\n<p data-start=\"838\" data-end=\"883\"><strong>Leve<\/strong> e <strong>respir\u00e1vel<\/strong> constru\u00e7\u00e3o de tampas<\/p>\n<p data-start=\"886\" data-end=\"936\">Bonito <strong>preto<\/strong> <strong>cor<\/strong> para um estilo intemporal e arrojado<\/p>\n<p data-start=\"938\" data-end=\"1054\"><strong data-start=\"938\" data-end=\"947\">Carac\u00f3is grandes e suaves, penteado afro<\/strong><\/p>","protected":false},"featured_media":4159,"comment_status":"open","ping_status":"closed","template":"..\/public\/views\/revslider-page-template.php","meta":[],"product_brand":[49],"product_cat":[54],"product_tag":[83,84],"class_list":{"0":"post-3085","1":"product","2":"type-product","3":"status-publish","4":"has-post-thumbnail","6":"product_brand-regalia","7":"product_cat-synthetic-wigs","8":"product_tag-afro-hair","9":"product_tag-large-curls","11":"first","12":"instock","13":"shipping-taxable","14":"purchasable","15":"product-type-simple","16":"layout-style-1","17":"col-md-4 col-sm-4 col-xs-6","18":"col-lg-3","19":"product-has-gallery","20":"product-style-default"},"_links":{"self":[{"href":"https:\/\/regaliawigs.com\/pt\/wp-json\/wp\/v2\/product\/3085","targetHints":{"allow":["GET"]}}],"collection":[{"href":"https:\/\/regaliawigs.com\/pt\/wp-json\/wp\/v2\/product"}],"about":[{"href":"https:\/\/regaliawigs.com\/pt\/wp-json\/wp\/v2\/types\/product"}],"replies":[{"embeddable":true,"href":"https:\/\/regaliawigs.com\/pt\/wp-json\/wp\/v2\/comments?post=3085"}],"wp:featuredmedia":[{"embeddable":true,"href":"https:\/\/regaliawigs.com\/pt\/wp-json\/wp\/v2\/media\/4159"}],"wp:attachment":[{"href":"https:\/\/regaliawigs.com\/pt\/wp-json\/wp\/v2\/media?parent=3085"}],"wp:term":[{"taxonomy":"product_brand","embeddable":true,"href":"https:\/\/regaliawigs.com\/pt\/wp-json\/wp\/v2\/product_brand?post=3085"},{"taxonomy":"product_cat","embeddable":true,"href":"https:\/\/regaliawigs.com\/pt\/wp-json\/wp\/v2\/product_cat?post=3085"},{"taxonomy":"product_tag","embeddable":true,"href":"https:\/\/regaliawigs.com\/pt\/wp-json\/wp\/v2\/product_tag?post=3085"}],"curies":[{"name":"wp","href":"https:\/\/api.w.org\/{rel}","templated":true}]}}