{"id":3084,"date":"2025-10-31T12:39:58","date_gmt":"2025-10-31T12:39:58","guid":{"rendered":"https:\/\/regaliawigs.com\/?post_type=product&#038;p=3084"},"modified":"2026-02-08T17:42:35","modified_gmt":"2026-02-08T17:42:35","slug":"https-regaliawigs-com-shop-naomi-24-length","status":"publish","type":"product","link":"https:\/\/regaliawigs.com\/pt\/shop\/https-regaliawigs-com-shop-naomi-24-length\/","title":{"rendered":"Naomi 24\u2033 comprimento preto"},"content":{"rendered":"<p>&nbsp;<\/p>\n<p data-start=\"173\" data-end=\"434\">Fa\u00e7a uma afirma\u00e7\u00e3o ousada com <strong data-start=\"200\" data-end=\"209\">Naomi<\/strong>, uma <strong>elegante<\/strong> <strong>24\u2033 de comprimento<\/strong> e intemporal <strong data-start=\"232\" data-end=\"255\">Peruca 13\u00d76 com renda.<\/strong> Concebida para um estilo e um conforto m\u00e1ximo. Fabricada num estilo cl\u00e1ssico <strong data-start=\"318\" data-end=\"338\">1B preto natural<\/strong>, A Naomi exala sofistica\u00e7\u00e3o sem esfor\u00e7o com o seu <strong data-start=\"388\" data-end=\"431\">final longo, direito e sedoso<\/strong>.<\/p>\n<p data-start=\"436\" data-end=\"793\">Os <strong data-start=\"440\" data-end=\"469\">13\u00d76 frente de renda de parte livre<\/strong> oferece um espa\u00e7o generoso para a cria\u00e7\u00e3o de penteados e uma linha de cabelo natural, enquanto a <strong data-start=\"534\" data-end=\"556\">desenho pr\u00e9-desfiado<\/strong> garante um aspeto realista, pronto a vestir, logo que sai da caixa. Com <strong data-start=\"627\" data-end=\"667\">tiras ajust\u00e1veis e pentes incorporados<\/strong>, A Naomi proporciona um ajuste seguro e confort\u00e1vel num <strong data-start=\"719\" data-end=\"743\">Tamanho da touca M (normal)<\/strong>-perfeita para usar no dia a dia ou em ocasi\u00f5es especiais.<\/p>","protected":false},"excerpt":{"rendered":"<ol>\n<li data-start=\"795\" data-end=\"825\"><strong data-start=\"797\" data-end=\"823\">Porque vais adorar a Naomi:<\/strong><\/li>\n<\/ol>\n<p data-start=\"795\" data-end=\"825\"><strong>24\u2033 de comprimento<\/strong><\/p>\n<p data-start=\"828\" data-end=\"875\"><strong>Renda frontal 13\u00d76 para<\/strong> versatilidade de separa\u00e7\u00e3o extra<\/p>\n<p data-start=\"828\" data-end=\"875\"><strong>Renda transparente<\/strong><\/p>\n<p data-start=\"878\" data-end=\"921\"><strong>Pr\u00e9-desfiada<\/strong> linha do cabelo para um acabamento natural<\/p>\n<p data-start=\"924\" data-end=\"978\">Cabelo liso e elegante<\/p>\n<p data-start=\"981\" data-end=\"1024\">Preto rico 1B<\/p>\n<p data-start=\"1027\" data-end=\"1084\">Al\u00e7as ajust\u00e1veis e 3 pentes para um ajuste seguro e confort\u00e1vel<\/p>\n<p data-start=\"1087\" data-end=\"1132\">Tamanho m\u00e9dio (regular) da touca<\/p>\n<p data-start=\"1087\" data-end=\"1132\">A fibra Futura pode suportar graus (150*-180*)<\/p>\n<p data-start=\"1134\" data-end=\"1254\"><strong data-start=\"1134\" data-end=\"1143\">Naomi<\/strong> \u00e9 a defini\u00e7\u00e3o de sofistica\u00e7\u00e3o elegante, chique sem esfor\u00e7o, vers\u00e1til sem fim e maravilhosamente natural.<\/p>","protected":false},"featured_media":4140,"comment_status":"open","ping_status":"closed","template":"","meta":[],"product_brand":[49],"product_cat":[54],"product_tag":[73,74,75],"class_list":{"0":"post-3084","1":"product","2":"type-product","3":"status-publish","4":"has-post-thumbnail","6":"product_brand-regalia","7":"product_cat-synthetic-wigs","8":"product_tag-13x6-lace-front-free-part","9":"product_tag-1b-black","10":"product_tag-long","12":"first","13":"instock","14":"sale","15":"shipping-taxable","16":"purchasable","17":"product-type-simple","18":"layout-style-1","19":"col-md-4 col-sm-4 col-xs-6","20":"col-lg-3","21":"product-has-gallery","22":"product-style-default"},"_links":{"self":[{"href":"https:\/\/regaliawigs.com\/pt\/wp-json\/wp\/v2\/product\/3084","targetHints":{"allow":["GET"]}}],"collection":[{"href":"https:\/\/regaliawigs.com\/pt\/wp-json\/wp\/v2\/product"}],"about":[{"href":"https:\/\/regaliawigs.com\/pt\/wp-json\/wp\/v2\/types\/product"}],"replies":[{"embeddable":true,"href":"https:\/\/regaliawigs.com\/pt\/wp-json\/wp\/v2\/comments?post=3084"}],"wp:featuredmedia":[{"embeddable":true,"href":"https:\/\/regaliawigs.com\/pt\/wp-json\/wp\/v2\/media\/4140"}],"wp:attachment":[{"href":"https:\/\/regaliawigs.com\/pt\/wp-json\/wp\/v2\/media?parent=3084"}],"wp:term":[{"taxonomy":"product_brand","embeddable":true,"href":"https:\/\/regaliawigs.com\/pt\/wp-json\/wp\/v2\/product_brand?post=3084"},{"taxonomy":"product_cat","embeddable":true,"href":"https:\/\/regaliawigs.com\/pt\/wp-json\/wp\/v2\/product_cat?post=3084"},{"taxonomy":"product_tag","embeddable":true,"href":"https:\/\/regaliawigs.com\/pt\/wp-json\/wp\/v2\/product_tag?post=3084"}],"curies":[{"name":"wp","href":"https:\/\/api.w.org\/{rel}","templated":true}]}}