{"id":3083,"date":"2025-10-31T12:10:56","date_gmt":"2025-10-31T12:10:56","guid":{"rendered":"https:\/\/regaliawigs.com\/?post_type=product&#038;p=3083"},"modified":"2026-02-08T19:44:09","modified_gmt":"2026-02-08T19:44:09","slug":"https-regaliawigs-com-shop-vera-brown","status":"publish","type":"product","link":"https:\/\/regaliawigs.com\/pt\/shop\/https-regaliawigs-com-shop-vera-brown\/","title":{"rendered":"Vera - 3083"},"content":{"rendered":"<h3 data-start=\"101\" data-end=\"158\"><strong data-start=\"105\" data-end=\"158\"> Vera - Peruca 13\u00d76 com renda (Cor #4 Castanho, 16\u201d)<\/strong><\/h3>\n<p data-start=\"160\" data-end=\"359\">Conhe\u00e7a <strong data-start=\"165\" data-end=\"173\">Vera<\/strong>, \u00e9 a combina\u00e7\u00e3o perfeita de sofistica\u00e7\u00e3o e encanto natural. Esta <strong data-start=\"235\" data-end=\"258\">Peruca 13\u00d76 com renda.<\/strong> num rico <strong data-start=\"269\" data-end=\"288\">#4 <\/strong>m\u00e9dio<strong data-start=\"269\" data-end=\"288\"> castanho<\/strong> oferece uma luminosidade suave, beijada pelo sol, que favorece qualquer tez.<\/p>\n<p data-start=\"361\" data-end=\"628\">Com um <strong data-start=\"368\" data-end=\"391\">desenho de separa\u00e7\u00e3o livre<\/strong>, Vera d\u00e1-lhe a liberdade de pentear o seu cabelo como quiser, tem a op\u00e7\u00e3o de cabelo para beb\u00e9 que pode ser cortado se assim o desejar.  Desde elegantes partes centrais a penteados laterais sem esfor\u00e7o. O <strong data-start=\"518\" data-end=\"536\">Comprimento de 16 polegadas<\/strong> proporciona um belo corpo e movimento, criando um visual que \u00e9 simultaneamente polido e vers\u00e1til.<\/p>\n<p data-start=\"630\" data-end=\"881\">Criada com cuidado, a Vera apresenta <strong data-start=\"663\" data-end=\"703\">tiras ajust\u00e1veis e pentes incorporados<\/strong> para um ajuste seguro e confort\u00e1vel num <strong data-start=\"740\" data-end=\"764\">Tamanho da touca M (normal)<\/strong>. Com <strong data-start=\"770\" data-end=\"789\">Renda frontal de 13\u00d76<\/strong> garante uma linha de cabelo realista e uma mistura perfeita para um acabamento natural com qualidade de sal\u00e3o.<\/p>","protected":false},"excerpt":{"rendered":"<h3 data-start=\"101\" data-end=\"158\"><strong data-start=\"105\" data-end=\"158\"> Vera - Peruca 13\u00d76 com renda (Cor #4 Castanho, 16\u201d)<\/strong><\/h3>\n<p data-start=\"160\" data-end=\"359\"><strong data-start=\"235\" data-end=\"258\">Peruca 13\u00d76 com renda.<\/strong><\/p>\n<p data-start=\"160\" data-end=\"359\"><strong data-start=\"518\" data-end=\"536\">Comprimento de 16 polegadas<\/strong><\/p>\n<p data-start=\"160\" data-end=\"359\"><strong data-start=\"269\" data-end=\"288\">#4 <\/strong>m\u00e9dio<strong data-start=\"269\" data-end=\"288\"> castanho<\/strong><\/p>\n<p data-start=\"160\" data-end=\"359\"><strong data-start=\"368\" data-end=\"391\">Desenho de separa\u00e7\u00e3o livre<\/strong><\/p>\n<p data-start=\"160\" data-end=\"359\">Personaliz\u00e1vel<strong> Cabelo de beb\u00e9<\/strong><\/p>\n<p data-start=\"630\" data-end=\"881\"><strong data-start=\"663\" data-end=\"703\">Tiras ajust\u00e1veis e 3 pentes incorporados<\/strong><\/p>\n<p data-start=\"630\" data-end=\"881\"><strong>Banda extra ajust\u00e1vel<\/strong><\/p>\n<p data-start=\"630\" data-end=\"881\"><strong data-start=\"740\" data-end=\"764\">Tamanho da touca M (normal)<\/strong>.<\/p>","protected":false},"featured_media":4152,"comment_status":"open","ping_status":"closed","template":"","meta":[],"product_brand":[49],"product_cat":[54],"product_tag":[61,59,58],"class_list":{"0":"post-3083","1":"product","2":"type-product","3":"status-publish","4":"has-post-thumbnail","6":"product_brand-regalia","7":"product_cat-synthetic-wigs","8":"product_tag-13x6","9":"product_tag-free-part","10":"product_tag-lace-front","12":"first","13":"instock","14":"sale","15":"shipping-taxable","16":"purchasable","17":"product-type-simple","18":"layout-style-1","19":"col-md-4 col-sm-4 col-xs-6","20":"col-lg-3","21":"product-has-gallery","22":"product-style-default"},"_links":{"self":[{"href":"https:\/\/regaliawigs.com\/pt\/wp-json\/wp\/v2\/product\/3083","targetHints":{"allow":["GET"]}}],"collection":[{"href":"https:\/\/regaliawigs.com\/pt\/wp-json\/wp\/v2\/product"}],"about":[{"href":"https:\/\/regaliawigs.com\/pt\/wp-json\/wp\/v2\/types\/product"}],"replies":[{"embeddable":true,"href":"https:\/\/regaliawigs.com\/pt\/wp-json\/wp\/v2\/comments?post=3083"}],"wp:featuredmedia":[{"embeddable":true,"href":"https:\/\/regaliawigs.com\/pt\/wp-json\/wp\/v2\/media\/4152"}],"wp:attachment":[{"href":"https:\/\/regaliawigs.com\/pt\/wp-json\/wp\/v2\/media?parent=3083"}],"wp:term":[{"taxonomy":"product_brand","embeddable":true,"href":"https:\/\/regaliawigs.com\/pt\/wp-json\/wp\/v2\/product_brand?post=3083"},{"taxonomy":"product_cat","embeddable":true,"href":"https:\/\/regaliawigs.com\/pt\/wp-json\/wp\/v2\/product_cat?post=3083"},{"taxonomy":"product_tag","embeddable":true,"href":"https:\/\/regaliawigs.com\/pt\/wp-json\/wp\/v2\/product_tag?post=3083"}],"curies":[{"name":"wp","href":"https:\/\/api.w.org\/{rel}","templated":true}]}}