{"id":3082,"date":"2025-10-31T11:40:09","date_gmt":"2025-10-31T11:40:09","guid":{"rendered":"https:\/\/regaliawigs.com\/?post_type=product&#038;p=3082"},"modified":"2026-02-08T19:32:27","modified_gmt":"2026-02-08T19:32:27","slug":"maria-3082-hair-with-front-layers","status":"publish","type":"product","link":"https:\/\/regaliawigs.com\/pt\/shop\/maria-3082-hair-with-front-layers\/","title":{"rendered":"Maria 3082 cabelo escadeado"},"content":{"rendered":"<ol>\n<li data-start=\"104\" data-end=\"139\"><strong data-start=\"108\" data-end=\"139\"> Maria - Peruca 13\u00d73 com renda<\/strong><\/li>\n<\/ol>\n<p data-start=\"141\" data-end=\"432\">Fa\u00e7a virar cabe\u00e7as com <strong data-start=\"157\" data-end=\"166\">Maria<\/strong>, uma elegante e sofisticada <strong data-start=\"194\" data-end=\"217\">Peruca 13\u00d73 com renda,<\/strong> <strong>cabelo com camadas frontais<\/strong>, Concebida para proporcionar um estilo sem esfor\u00e7o e um acabamento perfeito. Com uma <strong data-start=\"290\" data-end=\"333\">peruca touca de renda, uma parte central natural<\/strong>, Maria oferece um look limpo e polido que imita a beleza do cabelo naturalmente liso e em camadas.<\/p>\n<p data-start=\"434\" data-end=\"721\">Fabricado com <strong data-start=\"447\" data-end=\"473\">fibras de qualidade superior<\/strong>, A peruca \u00e9 macia, sedosa e leve, movendo-se naturalmente a cada passo. A <strong data-start=\"558\" data-end=\"577\">Renda frontal 13\u00d73<\/strong> garante uma linha de cabelo realista e op\u00e7\u00f5es de penteados vers\u00e1teis, enquanto a <strong data-start=\"648\" data-end=\"663\">corte em camadas<\/strong> acrescenta dimens\u00e3o e corpo para uma apar\u00eancia elegante e intemporal.<\/p>\n<p data-start=\"434\" data-end=\"721\"><strong data-start=\"1019\" data-end=\"1028\">Maria<\/strong> \u00e9 a sua escolha para uma beleza cl\u00e1ssica - suave, elegante e refinada sem esfor\u00e7o. Perfeito para usar no dia a dia ou em qualquer ocasi\u00e3o que exija um toque de glamour discreto.<\/p>","protected":false},"excerpt":{"rendered":"<p data-start=\"756\" data-end=\"802\">16\u2033 de comprimento<\/p>\n<p style=\"text-align: left;\" data-start=\"756\" data-end=\"802\">Renda frontal 13\u00d73<\/p>\n<p data-start=\"756\" data-end=\"802\">Renda transparente<\/p>\n<p data-start=\"805\" data-end=\"844\">Parte central<\/p>\n<p data-start=\"847\" data-end=\"903\">Cabelo liso, escadeado a frente<\/p>\n<p data-start=\"906\" data-end=\"956\">Constru\u00e7\u00e3o leve e respir\u00e1vel da touca com renda<\/p>\n<p style=\"text-align: left;\" data-start=\"959\" data-end=\"1017\">Tiras ajust\u00e1veis e 3 pentes para um ajuste seguro e confort\u00e1vel<\/p>\n<p data-start=\"959\" data-end=\"1017\">M tamanho regular<\/p>\n<p data-start=\"959\" data-end=\"1017\">Fibra Futura (pode suportar 150*-180*) graus<\/p>\n<p data-start=\"1019\" data-end=\"1195\">","protected":false},"featured_media":4096,"comment_status":"open","ping_status":"closed","template":"","meta":[],"product_brand":[49],"product_cat":[54],"product_tag":[71,58,72,62,57],"class_list":{"0":"post-3082","1":"product","2":"type-product","3":"status-publish","4":"has-post-thumbnail","6":"product_brand-regalia","7":"product_cat-synthetic-wigs","8":"product_tag-71","9":"product_tag-lace-front","10":"product_tag-layers","11":"product_tag-middle-part","12":"product_tag-13x3","14":"first","15":"instock","16":"sale","17":"shipping-taxable","18":"purchasable","19":"product-type-simple","20":"layout-style-1","21":"col-md-4 col-sm-4 col-xs-6","22":"col-lg-3","23":"product-has-gallery","24":"product-style-default"},"_links":{"self":[{"href":"https:\/\/regaliawigs.com\/pt\/wp-json\/wp\/v2\/product\/3082","targetHints":{"allow":["GET"]}}],"collection":[{"href":"https:\/\/regaliawigs.com\/pt\/wp-json\/wp\/v2\/product"}],"about":[{"href":"https:\/\/regaliawigs.com\/pt\/wp-json\/wp\/v2\/types\/product"}],"replies":[{"embeddable":true,"href":"https:\/\/regaliawigs.com\/pt\/wp-json\/wp\/v2\/comments?post=3082"}],"wp:featuredmedia":[{"embeddable":true,"href":"https:\/\/regaliawigs.com\/pt\/wp-json\/wp\/v2\/media\/4096"}],"wp:attachment":[{"href":"https:\/\/regaliawigs.com\/pt\/wp-json\/wp\/v2\/media?parent=3082"}],"wp:term":[{"taxonomy":"product_brand","embeddable":true,"href":"https:\/\/regaliawigs.com\/pt\/wp-json\/wp\/v2\/product_brand?post=3082"},{"taxonomy":"product_cat","embeddable":true,"href":"https:\/\/regaliawigs.com\/pt\/wp-json\/wp\/v2\/product_cat?post=3082"},{"taxonomy":"product_tag","embeddable":true,"href":"https:\/\/regaliawigs.com\/pt\/wp-json\/wp\/v2\/product_tag?post=3082"}],"curies":[{"name":"wp","href":"https:\/\/api.w.org\/{rel}","templated":true}]}}