{"id":3076,"date":"2025-10-30T14:53:13","date_gmt":"2025-10-30T14:53:13","guid":{"rendered":"https:\/\/regaliawigs.com\/?post_type=product&#038;p=3076"},"modified":"2026-02-08T19:24:49","modified_gmt":"2026-02-08T19:24:49","slug":"https-regaliawigs-com-shop-bela3076bob","status":"publish","type":"product","link":"https:\/\/regaliawigs.com\/pt\/shop\/https-regaliawigs-com-shop-bela3076bob\/","title":{"rendered":"Bela - 3076"},"content":{"rendered":"<h3 data-start=\"68\" data-end=\"128\">Conhe\u00e7a <strong data-start=\"77\" data-end=\"85\">Bela<\/strong> - 13\u00d76 Lace Front Straight Bob Wig (12\u201d)<\/h3>\n<p data-start=\"130\" data-end=\"402\">Entre numa eleg\u00e2ncia sem esfor\u00e7o com <strong data-start=\"165\" data-end=\"173\">Bela<\/strong>, O seu novo bob. Este <strong data-start=\"200\" data-end=\"223\">Peruca 13\u00d76 com renda.<\/strong> oferece uma linha de cabelo natural e um espa\u00e7o de separa\u00e7\u00e3o profundo para um estilo vers\u00e1til. O <strong data-start=\"300\" data-end=\"331\">corte elegante e reto de 12\u2033 polegadas<\/strong> enquadra o seu rosto de forma bonita, proporcionando um visual intemporal e confiante.<\/p>\n<p data-start=\"404\" data-end=\"646\">Fabricado em <strong data-start=\"417\" data-end=\"445\">fibras sint\u00e9ticas de primeira qualidade<\/strong>, A Bela \u00e9 macia, suave e leve, concebida para manter a sua forma durante todo o dia. Quer seja para usar no dia a dia ou para sair \u00e0 noite, Bela faz com que seja f\u00e1cil chamar a aten\u00e7\u00e3o com estilo e sofistica\u00e7\u00e3o.<\/p>","protected":false},"excerpt":{"rendered":"<p data-start=\"668\" data-end=\"731\"><strong>12\u2033<\/strong> Comprimento<\/p>\n<p data-start=\"668\" data-end=\"731\"><strong>3\u00d76<\/strong> frente em renda para uma linha de cabelo realista e divis\u00e3o flex\u00edvel<\/p>\n<p data-start=\"668\" data-end=\"731\"><strong>Renda transparente<\/strong><\/p>\n<p data-start=\"734\" data-end=\"784\"><strong>Corte reto<\/strong> estilo - chique e moderno<\/p>\n<p data-start=\"835\" data-end=\"875\">Constru\u00e7\u00e3o da tampa de conforto<\/p>\n<p>Correias ajust\u00e1veis e pentes seguros para um ajuste perfeito<\/p>\n<p>Extra <strong>faixa ajust\u00e1vel<\/strong> para um ajuste seguro<\/p>\n<p><strong>M<\/strong> Tamanho normal<\/p>\n<p>Fibra Futura, <strong>resistente ao calor<\/strong> (150*-180*) graus<\/p>\n<p>&nbsp;<\/p>\n<p>&nbsp;<\/p>\n<p>&nbsp;<\/p>","protected":false},"featured_media":4190,"comment_status":"open","ping_status":"closed","template":"","meta":[],"product_brand":[49],"product_cat":[54],"product_tag":[61,58,62,63],"class_list":{"0":"post-3076","1":"product","2":"type-product","3":"status-publish","4":"has-post-thumbnail","6":"product_brand-regalia","7":"product_cat-synthetic-wigs","8":"product_tag-13x6","9":"product_tag-lace-front","10":"product_tag-middle-part","11":"product_tag-63","13":"first","14":"instock","15":"sale","16":"shipping-taxable","17":"purchasable","18":"product-type-simple","19":"layout-style-1","20":"col-md-4 col-sm-4 col-xs-6","21":"col-lg-3","22":"product-has-gallery","23":"product-style-default"},"_links":{"self":[{"href":"https:\/\/regaliawigs.com\/pt\/wp-json\/wp\/v2\/product\/3076","targetHints":{"allow":["GET"]}}],"collection":[{"href":"https:\/\/regaliawigs.com\/pt\/wp-json\/wp\/v2\/product"}],"about":[{"href":"https:\/\/regaliawigs.com\/pt\/wp-json\/wp\/v2\/types\/product"}],"replies":[{"embeddable":true,"href":"https:\/\/regaliawigs.com\/pt\/wp-json\/wp\/v2\/comments?post=3076"}],"wp:featuredmedia":[{"embeddable":true,"href":"https:\/\/regaliawigs.com\/pt\/wp-json\/wp\/v2\/media\/4190"}],"wp:attachment":[{"href":"https:\/\/regaliawigs.com\/pt\/wp-json\/wp\/v2\/media?parent=3076"}],"wp:term":[{"taxonomy":"product_brand","embeddable":true,"href":"https:\/\/regaliawigs.com\/pt\/wp-json\/wp\/v2\/product_brand?post=3076"},{"taxonomy":"product_cat","embeddable":true,"href":"https:\/\/regaliawigs.com\/pt\/wp-json\/wp\/v2\/product_cat?post=3076"},{"taxonomy":"product_tag","embeddable":true,"href":"https:\/\/regaliawigs.com\/pt\/wp-json\/wp\/v2\/product_tag?post=3076"}],"curies":[{"name":"wp","href":"https:\/\/api.w.org\/{rel}","templated":true}]}}