{"id":3075,"date":"2025-10-30T14:30:57","date_gmt":"2025-10-30T14:30:57","guid":{"rendered":"https:\/\/regaliawigs.com\/?post_type=product&#038;p=3075"},"modified":"2026-02-06T21:29:00","modified_gmt":"2026-02-06T21:29:00","slug":"clara-3075-wine-red-hair","status":"publish","type":"product","link":"https:\/\/regaliawigs.com\/pt\/shop\/clara-3075-wine-red-hair\/","title":{"rendered":"Clara - 3075 Cabelo ruivo vinho"},"content":{"rendered":"<h3 data-start=\"187\" data-end=\"222\"><strong data-start=\"191\" data-end=\"222\"> Clara - Cabelo ruivo vinho 13\u00d73 Peruca com renda<\/strong><\/h3>\n<p data-start=\"224\" data-end=\"529\">Entre numa eleg\u00e2ncia sem esfor\u00e7o com <strong data-start=\"259\" data-end=\"268\">Clara<\/strong>, Este Cabelo ruivo vinho \u00e9 uma maravilha <strong data-start=\"283\" data-end=\"306\">Peruca 13\u00d73 com renda,<\/strong> Concebido para um aspeto natural e uma utiliza\u00e7\u00e3o confort\u00e1vel. Criada com precis\u00e3o, a Clara apresenta uma <strong data-start=\"398\" data-end=\"420\">linha do cabelo realista<\/strong> e uma <strong data-start=\"427\" data-end=\"451\">frente de renda vers\u00e1til<\/strong> que permite uma separa\u00e7\u00e3o livre, mantendo uma mistura perfeita e semelhante \u00e0 pele.<\/p>\n<p data-start=\"531\" data-end=\"808\">Fabricado com <strong data-start=\"541\" data-end=\"567\">fibras de qualidade superior<\/strong>, A Clara possui um <strong data-start=\"584\" data-end=\"607\">textura suave<\/strong> que se move de forma natural, <strong data-start=\"637\" data-end=\"651\">cabelo encaracolado<\/strong>. Leve e respir\u00e1vel, \u00e9 perfeita  para usar durante todo o dia,  mantendo os seus belos carac\u00f3is e forma sem esfor\u00e7o, enquanto oferece o m\u00e1ximo conforto e estilo.<\/p>","protected":false},"excerpt":{"rendered":"<ol>\n<li><strong>22\u2033 de comprimento<\/strong><\/li>\n<\/ol>\n<p data-start=\"843\" data-end=\"892\"><strong>13\u00d73<\/strong> frente de renda para<\/p>\n<p data-start=\"843\" data-end=\"892\">Versatilidade de separa\u00e7\u00e3o natural<\/p>\n<p data-start=\"843\" data-end=\"892\"><strong>Renda transparente<\/strong><\/p>\n<p data-start=\"895\" data-end=\"926\">Realista, linha do cabelo<\/p>\n<p data-start=\"974\" data-end=\"1016\">Constru\u00e7\u00e3o leve e respir\u00e1vel da tampa<\/p>\n<p data-start=\"1019\" data-end=\"1073\"><strong>Tiras ajust\u00e1veis<\/strong> e 3 pentes de fixa\u00e7\u00e3o para um ajuste perfeito<\/p>\n<p data-start=\"1019\" data-end=\"1073\">Fibra Futura (150*-180* graus)<\/p>","protected":false},"featured_media":4120,"comment_status":"open","ping_status":"closed","template":"","meta":[],"product_brand":[49],"product_cat":[54],"product_tag":[59,58,57],"class_list":{"0":"post-3075","1":"product","2":"type-product","3":"status-publish","4":"has-post-thumbnail","6":"product_brand-regalia","7":"product_cat-synthetic-wigs","8":"product_tag-free-part","9":"product_tag-lace-front","10":"product_tag-13x3","12":"first","13":"instock","14":"sale","15":"shipping-taxable","16":"purchasable","17":"product-type-simple","18":"layout-style-1","19":"col-md-4 col-sm-4 col-xs-6","20":"col-lg-3","21":"product-has-gallery","22":"product-style-default"},"_links":{"self":[{"href":"https:\/\/regaliawigs.com\/pt\/wp-json\/wp\/v2\/product\/3075","targetHints":{"allow":["GET"]}}],"collection":[{"href":"https:\/\/regaliawigs.com\/pt\/wp-json\/wp\/v2\/product"}],"about":[{"href":"https:\/\/regaliawigs.com\/pt\/wp-json\/wp\/v2\/types\/product"}],"replies":[{"embeddable":true,"href":"https:\/\/regaliawigs.com\/pt\/wp-json\/wp\/v2\/comments?post=3075"}],"wp:featuredmedia":[{"embeddable":true,"href":"https:\/\/regaliawigs.com\/pt\/wp-json\/wp\/v2\/media\/4120"}],"wp:attachment":[{"href":"https:\/\/regaliawigs.com\/pt\/wp-json\/wp\/v2\/media?parent=3075"}],"wp:term":[{"taxonomy":"product_brand","embeddable":true,"href":"https:\/\/regaliawigs.com\/pt\/wp-json\/wp\/v2\/product_brand?post=3075"},{"taxonomy":"product_cat","embeddable":true,"href":"https:\/\/regaliawigs.com\/pt\/wp-json\/wp\/v2\/product_cat?post=3075"},{"taxonomy":"product_tag","embeddable":true,"href":"https:\/\/regaliawigs.com\/pt\/wp-json\/wp\/v2\/product_tag?post=3075"}],"curies":[{"name":"wp","href":"https:\/\/api.w.org\/{rel}","templated":true}]}}