{"id":347,"date":"2016-08-23T06:44:55","date_gmt":"2016-08-23T06:44:55","guid":{"rendered":"http:\/\/demo.uix.store\/sober\/?page_id=347"},"modified":"2025-11-27T18:35:04","modified_gmt":"2025-11-27T18:35:04","slug":"faqs","status":"publish","type":"page","link":"https:\/\/regaliawigs.com\/pt\/faqs\/","title":{"rendered":"FAQs"},"content":{"rendered":"<div data-elementor-type=\"wp-page\" data-elementor-id=\"347\" class=\"elementor elementor-347\" data-elementor-post-type=\"page\">\n\t\t\t\t\t\t<section class=\"elementor-section elementor-top-section elementor-element elementor-element-6c43 elementor-section-full_width elementor-section-height-default elementor-section-height-default\" data-id=\"6c43\" data-element_type=\"section\" data-e-type=\"section\">\n\t\t\t\t\t\t<div class=\"elementor-container elementor-column-gap-default\">\n\t\t\t\t\t<div class=\"elementor-column elementor-col-100 elementor-top-column elementor-element elementor-element-32c0\" data-id=\"32c0\" data-element_type=\"column\" data-e-type=\"column\">\n\t\t\t<div class=\"elementor-widget-wrap elementor-element-populated\">\n\t\t\t\t\t\t<div class=\"elementor-element elementor-element-c11dcb4 elementor-widget elementor-widget-heading\" data-id=\"c11dcb4\" data-element_type=\"widget\" data-e-type=\"widget\" data-widget_type=\"heading.default\">\n\t\t\t\t\t<h3 class=\"elementor-heading-title elementor-size-default\">Perguntas mais frequentes<\/h3>\t\t\t\t<\/div>\n\t\t\t\t<div class=\"elementor-element elementor-element-19d87a6 elementor-widget elementor-widget-text-editor\" data-id=\"19d87a6\" data-element_type=\"widget\" data-e-type=\"widget\" data-widget_type=\"text-editor.default\">\n\t\t\t\t\t\t\t\t\t<p>Se precisar de ajuda, comece por aqui. As nossas FAQ abrangem preocupa\u00e7\u00f5es comuns para que possa obter rapidamente a ajuda de que necessita.<\/p>\t\t\t\t\t\t\t\t<\/div>\n\t\t\t\t\t<\/div>\n\t\t<\/div>\n\t\t\t\t\t<\/div>\n\t\t<\/section>\n\t\t\t\t<section class=\"elementor-section elementor-top-section elementor-element elementor-element-07eecb6 elementor-section-boxed elementor-section-height-default elementor-section-height-default\" data-id=\"07eecb6\" data-element_type=\"section\" data-e-type=\"section\">\n\t\t\t\t\t\t<div class=\"elementor-container elementor-column-gap-default\">\n\t\t\t\t\t<div class=\"elementor-column elementor-col-100 elementor-top-column elementor-element elementor-element-f4ba3bd\" data-id=\"f4ba3bd\" data-element_type=\"column\" data-e-type=\"column\">\n\t\t\t<div class=\"elementor-widget-wrap elementor-element-populated\">\n\t\t\t\t\t\t<div class=\"elementor-element elementor-element-e53c582 elementor-widget elementor-widget-sober-faq\" data-id=\"e53c582\" data-element_type=\"widget\" data-e-type=\"widget\" data-widget_type=\"sober-faq.default\">\n\t\t\t\t<div class=\"elementor-widget-container\">\n\t\t\t\t\t\t\t<div class=\"sober-faq sober-faq--elementor\">\n\t\t\t<div class=\"sober-faq__question question\">\n\t\t\t\t<span class=\"sober-faq__question-label question-label\">Question<\/span>\n\t\t\t\t<span class=\"sober-faq__question-icon question-icon\"><span class=\"toggle-icon\"><\/span><\/span>\n\t\t\t\t<span class=\"question-title sober-faq__question-title\">O que devo fazer se receber um artigo com defeito ou errado?<\/span>\n\t\t\t<\/div>\n\t\t\t<div class=\"sober-faq__answer answer\">\n\t\t\t\t<span class=\"sober-faq__answer-label answer-label\">Answer<\/span>\n\t\t\t\t<div class=\"sober-faq__answer-content\"><p data-start=\"1865\" data-end=\"1957\">Contacte nos <strong data-start=\"1883\" data-end=\"1914\">no prazo de 48 horas ap\u00f3s a entrega<\/strong> e incluem <strong data-start=\"1927\" data-end=\"1943\">fotografias n\u00edtidas<\/strong> da quest\u00e3o.<\/p><p data-start=\"1959\" data-end=\"1967\">Iremos faz\u00ea-lo:<\/p><ul data-start=\"1968\" data-end=\"2060\"><li data-start=\"1968\" data-end=\"2006\"><p data-start=\"1970\" data-end=\"2006\">Cobrir os custos de devolu\u00e7\u00e3o\u00a0<\/p><\/li><li data-start=\"2007\" data-end=\"2060\"><p data-start=\"2009\" data-end=\"2060\">Emitir uma substitui\u00e7\u00e3o ou um reembolso total<\/p><\/li><\/ul><\/div>\n\t\t\t<\/div>\n\t\t<\/div>\n\t\t\t\t\t\t<\/div>\n\t\t\t\t<\/div>\n\t\t\t\t<div class=\"elementor-element elementor-element-04ea1f7 elementor-widget elementor-widget-sober-faq\" data-id=\"04ea1f7\" data-element_type=\"widget\" data-e-type=\"widget\" data-widget_type=\"sober-faq.default\">\n\t\t\t\t<div class=\"elementor-widget-container\">\n\t\t\t\t\t\t\t<div class=\"sober-faq sober-faq--elementor\">\n\t\t\t<div class=\"sober-faq__question question\">\n\t\t\t\t<span class=\"sober-faq__question-label question-label\">Question<\/span>\n\t\t\t\t<span class=\"sober-faq__question-icon question-icon\"><span class=\"toggle-icon\"><\/span><\/span>\n\t\t\t\t<span class=\"question-title sober-faq__question-title\">Como posso iniciar uma devolu\u00e7\u00e3o ou troca?<\/span>\n\t\t\t<\/div>\n\t\t\t<div class=\"sober-faq__answer answer\">\n\t\t\t\t<span class=\"sober-faq__answer-label answer-label\">Answer<\/span>\n\t\t\t\t<div class=\"sober-faq__answer-content\"><ol data-start=\"1147\" data-end=\"1371\"><li data-start=\"1147\" data-end=\"1239\"><p data-start=\"1150\" data-end=\"1239\">Contacte-nos em info@regaliawigs.com <strong>\u00a0<\/strong>com o n\u00famero da encomenda e o motivo da devolu\u00e7\u00e3o.<\/p><\/li><li data-start=\"1240\" data-end=\"1309\"><p data-start=\"1243\" data-end=\"1309\">Enviaremos instru\u00e7\u00f5es de devolu\u00e7\u00e3o e o endere\u00e7o de devolu\u00e7\u00e3o correto.<\/p><\/li><li data-start=\"1310\" data-end=\"1371\"><p data-start=\"1313\" data-end=\"1371\">Envie o seu artigo de volta utilizando um m\u00e9todo de envio rastre\u00e1vel.<\/p><\/li><\/ol><p data-start=\"1373\" data-end=\"1471\"><strong data-start=\"1373\" data-end=\"1382\">Nota:<\/strong> Os clientes s\u00e3o respons\u00e1veis pelo envio da devolu\u00e7\u00e3o, exceto se o artigo estiver defeituoso ou incorreto.<\/p><\/div>\n\t\t\t<\/div>\n\t\t<\/div>\n\t\t\t\t\t\t<\/div>\n\t\t\t\t<\/div>\n\t\t\t\t<div class=\"elementor-element elementor-element-ba791fd elementor-widget elementor-widget-sober-faq\" data-id=\"ba791fd\" data-element_type=\"widget\" data-e-type=\"widget\" data-widget_type=\"sober-faq.default\">\n\t\t\t\t<div class=\"elementor-widget-container\">\n\t\t\t\t\t\t\t<div class=\"sober-faq sober-faq--elementor\">\n\t\t\t<div class=\"sober-faq__question question\">\n\t\t\t\t<span class=\"sober-faq__question-label question-label\">Question<\/span>\n\t\t\t\t<span class=\"sober-faq__question-icon question-icon\"><span class=\"toggle-icon\"><\/span><\/span>\n\t\t\t\t<span class=\"question-title sober-faq__question-title\">Quanto tempo demoram os reembolsos?<\/span>\n\t\t\t<\/div>\n\t\t\t<div class=\"sober-faq__answer answer\">\n\t\t\t\t<span class=\"sober-faq__answer-label answer-label\">Answer<\/span>\n\t\t\t\t<div class=\"sober-faq__answer-content\"><ul data-start=\"1515\" data-end=\"1789\"><li data-start=\"1515\" data-end=\"1605\"><p data-start=\"1517\" data-end=\"1605\">Assim que recebermos a sua devolu\u00e7\u00e3o, esta ser\u00e1 inspeccionada\u00a0<\/p><\/li><li data-start=\"1606\" data-end=\"1699\"><p data-start=\"1608\" data-end=\"1699\">Os reembolsos aprovados s\u00e3o emitidos no prazo de <strong data-start=\"1643\" data-end=\"1665\">7-14 dias \u00fateis<\/strong> para o m\u00e9todo de pagamento original.<\/p><\/li><li data-start=\"1700\" data-end=\"1789\"><p data-start=\"1702\" data-end=\"1789\"><strong data-start=\"1702\" data-end=\"1739\">Os custos de envio n\u00e3o s\u00e3o reembols\u00e1veis<\/strong>, exceto no caso de artigos defeituosos ou incorrectos.<\/p><\/li><\/ul><\/div>\n\t\t\t<\/div>\n\t\t<\/div>\n\t\t\t\t\t\t<\/div>\n\t\t\t\t<\/div>\n\t\t\t\t\t<\/div>\n\t\t<\/div>\n\t\t\t\t\t<\/div>\n\t\t<\/section>\n\t\t\t\t<\/div>","protected":false},"excerpt":{"rendered":"<p>Frequently Asked Questions If you need assistance, start here. Our FAQ covers common concerns so&hellip;<\/p>","protected":false},"author":1,"featured_media":0,"parent":0,"menu_order":0,"comment_status":"closed","ping_status":"closed","template":"","meta":{"footnotes":""},"class_list":["post-347","page","type-page","status-publish","hentry"],"_links":{"self":[{"href":"https:\/\/regaliawigs.com\/pt\/wp-json\/wp\/v2\/pages\/347","targetHints":{"allow":["GET"]}}],"collection":[{"href":"https:\/\/regaliawigs.com\/pt\/wp-json\/wp\/v2\/pages"}],"about":[{"href":"https:\/\/regaliawigs.com\/pt\/wp-json\/wp\/v2\/types\/page"}],"author":[{"embeddable":true,"href":"https:\/\/regaliawigs.com\/pt\/wp-json\/wp\/v2\/users\/1"}],"replies":[{"embeddable":true,"href":"https:\/\/regaliawigs.com\/pt\/wp-json\/wp\/v2\/comments?post=347"}],"version-history":[{"count":42,"href":"https:\/\/regaliawigs.com\/pt\/wp-json\/wp\/v2\/pages\/347\/revisions"}],"predecessor-version":[{"id":3903,"href":"https:\/\/regaliawigs.com\/pt\/wp-json\/wp\/v2\/pages\/347\/revisions\/3903"}],"wp:attachment":[{"href":"https:\/\/regaliawigs.com\/pt\/wp-json\/wp\/v2\/media?parent=347"}],"curies":[{"name":"wp","href":"https:\/\/api.w.org\/{rel}","templated":true}]}}