{"id":2564,"date":"2020-05-20T07:44:17","date_gmt":"2020-05-20T07:44:17","guid":{"rendered":"http:\/\/localhost\/test\/?page_id=2564"},"modified":"2025-11-25T12:40:24","modified_gmt":"2025-11-25T12:40:24","slug":"about-us","status":"publish","type":"page","link":"https:\/\/regaliawigs.com\/pt\/about-us\/","title":{"rendered":"Sobre n\u00f3s"},"content":{"rendered":"<div data-elementor-type=\"wp-page\" data-elementor-id=\"2564\" class=\"elementor elementor-2564\" data-elementor-post-type=\"page\">\n\t\t\t\t\t\t<section class=\"elementor-section elementor-top-section elementor-element elementor-element-b4860ca elementor-section-height-full elementor-section-boxed elementor-section-height-default elementor-section-items-middle\" data-id=\"b4860ca\" data-element_type=\"section\" data-e-type=\"section\">\n\t\t\t\t\t\t<div class=\"elementor-container elementor-column-gap-default\">\n\t\t\t\t\t<div class=\"elementor-column elementor-col-50 elementor-top-column elementor-element elementor-element-110d28f\" data-id=\"110d28f\" data-element_type=\"column\" data-e-type=\"column\">\n\t\t\t<div class=\"elementor-widget-wrap elementor-element-populated\">\n\t\t\t\t\t\t<div class=\"elementor-element elementor-element-e31f68e elementor-widget elementor-widget-sober-section-heading\" data-id=\"e31f68e\" data-element_type=\"widget\" data-e-type=\"widget\" data-widget_type=\"sober-section-heading.default\">\n\t\t\t\t<div class=\"elementor-widget-container\">\n\t\t\t\t\t<h2 class=\"sober-section-heading sober-section-heading--large sober-section-header--align-left\"><span class=\"sober-section-heading__title\">Sobre n\u00f3s<\/span><\/h2>\t\t\t\t<\/div>\n\t\t\t\t<\/div>\n\t\t\t\t<div class=\"elementor-element elementor-element-2ff6e24 elementor-widget__width-initial elementor-widget elementor-widget-text-editor\" data-id=\"2ff6e24\" data-element_type=\"widget\" data-e-type=\"widget\" data-widget_type=\"text-editor.default\">\n\t\t\t\t\t\t\t\t\t<p><span style=\"color: #000000;\">Bem vindo a <strong>Regalia Wigs.<\/strong>Estamos aqui para o ajudar a sentir-se confiante, elegante e confort\u00e1vel todos os dias. As nossas perucas s\u00e3o concebidas com cuidado para satisfazer uma vasta gama de necessidades, seja para renovar o seu estilo, experimentar algo novo ou encontrar a solu\u00e7\u00e3o perfeita para a queda de cabelo.<\/span><br \/><span style=\"color: #000000;\">Acreditamos que todos merecem sentir-se bonitos e apoiados, e \u00e9 por isso que oferecemos uma variedade de perucas que combinam <strong>estilo, conforto e um pre\u00e7o acess\u00edvel.<\/strong>Na Regalia Wigs, encontrar\u00e1 sempre algo que o ajude a brilhar ainda mais.<\/span><\/p>\t\t\t\t\t\t\t\t<\/div>\n\t\t\t\t\t<\/div>\n\t\t<\/div>\n\t\t\t\t<div class=\"elementor-column elementor-col-50 elementor-top-column elementor-element elementor-element-b042942\" data-id=\"b042942\" data-element_type=\"column\" data-e-type=\"column\">\n\t\t\t<div class=\"elementor-widget-wrap\">\n\t\t\t\t\t\t\t<\/div>\n\t\t<\/div>\n\t\t\t\t\t<\/div>\n\t\t<\/section>\n\t\t\t\t<\/div>","protected":false},"excerpt":{"rendered":"<p>About us Welcome to Regalia Wigs! We\u2019re here to help you feel confident, stylish, and&hellip;<\/p>","protected":false},"author":1,"featured_media":0,"parent":0,"menu_order":0,"comment_status":"closed","ping_status":"closed","template":"templates\/full-screen.php","meta":{"footnotes":""},"class_list":["post-2564","page","type-page","status-publish","hentry"],"_links":{"self":[{"href":"https:\/\/regaliawigs.com\/pt\/wp-json\/wp\/v2\/pages\/2564","targetHints":{"allow":["GET"]}}],"collection":[{"href":"https:\/\/regaliawigs.com\/pt\/wp-json\/wp\/v2\/pages"}],"about":[{"href":"https:\/\/regaliawigs.com\/pt\/wp-json\/wp\/v2\/types\/page"}],"author":[{"embeddable":true,"href":"https:\/\/regaliawigs.com\/pt\/wp-json\/wp\/v2\/users\/1"}],"replies":[{"embeddable":true,"href":"https:\/\/regaliawigs.com\/pt\/wp-json\/wp\/v2\/comments?post=2564"}],"version-history":[{"count":47,"href":"https:\/\/regaliawigs.com\/pt\/wp-json\/wp\/v2\/pages\/2564\/revisions"}],"predecessor-version":[{"id":3837,"href":"https:\/\/regaliawigs.com\/pt\/wp-json\/wp\/v2\/pages\/2564\/revisions\/3837"}],"wp:attachment":[{"href":"https:\/\/regaliawigs.com\/pt\/wp-json\/wp\/v2\/media?parent=2564"}],"curies":[{"name":"wp","href":"https:\/\/api.w.org\/{rel}","templated":true}]}}